{"id":531,"date":"2023-07-05T12:22:16","date_gmt":"2023-07-05T17:22:16","guid":{"rendered":"https:\/\/amancaydeoro.com\/?page_id=531"},"modified":"2023-07-05T16:10:02","modified_gmt":"2023-07-05T21:10:02","slug":"categorias_interna","status":"publish","type":"page","link":"https:\/\/amancaydeoro.com\/index.php\/categorias_interna\/","title":{"rendered":"Categorias_Interna"},"content":{"rendered":"<p>[et_pb_section fb_built=\u00bb1&#8243; _builder_version=\u00bb4.21.0&#8243; _module_preset=\u00bbdefault\u00bb global_colors_info=\u00bb{}\u00bb][et_pb_row _builder_version=\u00bb4.21.0&#8243; _module_preset=\u00bbdefault\u00bb global_colors_info=\u00bb{}\u00bb][et_pb_column type=\u00bb4_4&#8243; _builder_version=\u00bb4.21.0&#8243; _module_preset=\u00bbdefault\u00bb transform_scale=\u00bb130%|130%\u00bb custom_padding=\u00bb||||false|false\u00bb border_width_all=\u00bb0px\u00bb global_colors_info=\u00bb{}\u00bb][et_pb_image src=\u00bbhttps:\/\/amancaydeoro.com\/wp-content\/uploads\/2023\/07\/BANNER-CATEGORIA-2-01.png\u00bb title_text=\u00bbBANNER CATEGOR\u00cdAmob-01&#8243; src_tablet=\u00bbhttps:\/\/amancaydeoro.com\/wp-content\/uploads\/2023\/07\/BANNER-CATEGORIA-2-01.png\u00bb src_phone=\u00bbhttps:\/\/amancaydeoro.com\/wp-content\/uploads\/2023\/07\/BANNER-CATEGORIAmob-01.png\u00bb src_last_edited=\u00bbon|phone\u00bb _builder_version=\u00bb4.21.0&#8243; _module_preset=\u00bbdefault\u00bb hover_enabled=\u00bb0&#8243; global_colors_info=\u00bb{}\u00bb sticky_enabled=\u00bb0&#8243;][\/et_pb_image][\/et_pb_column][\/et_pb_row][\/et_pb_section][et_pb_section fb_built=\u00bb1&#8243; _builder_version=\u00bb4.21.0&#8243; _module_preset=\u00bbdefault\u00bb custom_margin=\u00bb83px||||false|false\u00bb custom_margin_tablet=\u00bb83px||||false|false\u00bb custom_margin_phone=\u00bb-70px||||false|false\u00bb custom_margin_last_edited=\u00bbon|phone\u00bb global_colors_info=\u00bb{}\u00bb][et_pb_row column_structure=\u00bb1_2,1_2&#8243; _builder_version=\u00bb4.21.0&#8243; _module_preset=\u00bbdefault\u00bb global_colors_info=\u00bb{}\u00bb][et_pb_column type=\u00bb1_2&#8243; _builder_version=\u00bb4.21.0&#8243; _module_preset=\u00bbdefault\u00bb global_colors_info=\u00bb{}\u00bb][et_pb_text content_tablet=\u00bb<\/p>\n<p style=%22text-align: center;%22>&#8211; BASES Y CRITERIOS DE EVALUACI\u00d3N &#8211;<\/p>\n<p>\u00bb content_phone=\u00bb<\/p>\n<p style=%22text-align: center;%22>&#8211; BASES Y CRITERIOS<\/p>\n<p style=%22text-align: center;%22>DE EVALUACI\u00d3N &#8211;<\/p>\n<p>\u00bb content_last_edited=\u00bbon|phone\u00bb _builder_version=\u00bb4.21.0&#8243; _module_preset=\u00bbdefault\u00bb text_font=\u00bbMontserrat||||||||\u00bb text_text_color=\u00bb#E09900&#8243; text_line_height=\u00bb1.6em\u00bb text_font_size_tablet=\u00bb\u00bb text_font_size_phone=\u00bb22px\u00bb text_font_size_last_edited=\u00bbon|phone\u00bb text_line_height_tablet=\u00bb1.6em\u00bb text_line_height_phone=\u00bb0.3em\u00bb text_line_height_last_edited=\u00bbon|phone\u00bb global_colors_info=\u00bb{}\u00bb]<\/p>\n<p style=\"text-align: center;\">&#8211; BASES Y CRITERIOS DE EVALUACI\u00d3N &#8211;<\/p>\n<p>[\/et_pb_text][et_pb_text _builder_version=\u00bb4.21.0&#8243; _module_preset=\u00bbdefault\u00bb text_font=\u00bbPlayfair Display||||||||\u00bb text_text_color=\u00bb#00679a\u00bb text_font_size=\u00bb29px\u00bb text_line_height=\u00bb1em\u00bb global_colors_info=\u00bb{}\u00bb]<\/p>\n<p style=\"text-align: center;\">Lee cuidadosamente<br \/>las bases y criterios<br \/>de evaluaci\u00f3n que<br \/>aplicar\u00e1 el jurado<\/p>\n<p>[\/et_pb_text][\/et_pb_column][et_pb_column type=\u00bb1_2&#8243; _builder_version=\u00bb4.21.0&#8243; _module_preset=\u00bbdefault\u00bb global_colors_info=\u00bb{}\u00bb][et_pb_text _builder_version=\u00bb4.21.0&#8243; _module_preset=\u00bbdefault\u00bb text_font=\u00bbRaleway||||||||\u00bb hover_enabled=\u00bb0&#8243; global_colors_info=\u00bb{}\u00bb content_last_edited=\u00bbon|phone\u00bb sticky_enabled=\u00bb0&#8243; content_phone=\u00bb<\/p>\n<p style=%22text-align: center;%22>Tu proyecto deber\u00e1 ser presentado en 3<br \/>imagenes formato PDF y deber\u00e1s adjuntar<br \/>un archivo de texto con una breve<br \/>descripci\u00f3n de tu proyecto (de 40 a 80<br \/>palabras).<\/p>\n<p style=%22text-align: center;%22>Los criterios que tomar\u00e1 en<br \/>consideraci\u00f3n el jurado en el caso de la<br \/>categor\u00eda AMBIENTACI\u00d3N BODA EN LA<br \/>PLAYA ser\u00e1n: <strong>Originalidad, Armon\u00eda de<\/strong><br \/><strong>colores, Composici\u00f3n y organizaci\u00f3n de<\/strong><br \/><strong>espacios, Elementos de impacto.<\/strong><\/p>\n<p>\u00bb content_tablet=\u00bb<\/p>\n<p>Tu proyecto deber\u00e1 ser presentado en 3<br \/>imagenes formato PDF y deber\u00e1s adjuntar<br \/>un archivo de texto con una breve<br \/>descripci\u00f3n de tu proyecto (de 40 a 80<br \/>palabras).<\/p>\n<p>Los criterios que tomar\u00e1 en<br \/>consideraci\u00f3n el jurado en el caso de la<br \/>categor\u00eda AMBIENTACI\u00d3N BODA EN LA<br \/>PLAYA ser\u00e1n: <strong>Originalidad, Armon\u00eda de<\/strong><br \/><strong>colores, Composici\u00f3n y organizaci\u00f3n de<\/strong><br \/><strong>espacios, Elementos de impacto.<\/strong><\/p>\n<p>\u00ab]<\/p>\n<p>Tu proyecto deber\u00e1 ser presentado en 3<br \/>imagenes formato PDF y deber\u00e1s adjuntar<br \/>un archivo de texto con una breve<br \/>descripci\u00f3n de tu proyecto (de 40 a 80<br \/>palabras).<\/p>\n<p>Los criterios que tomar\u00e1 en<br \/>consideraci\u00f3n el jurado en el caso de la<br \/>categor\u00eda AMBIENTACI\u00d3N BODA EN LA<br \/>PLAYA ser\u00e1n: <strong>Originalidad, Armon\u00eda de<\/strong><br \/><strong>colores, Composici\u00f3n y organizaci\u00f3n de<\/strong><br \/><strong>espacios, Elementos de impacto.<\/strong><\/p>\n<p>[\/et_pb_text][\/et_pb_column][\/et_pb_row][\/et_pb_section][et_pb_section fb_built=\u00bb1&#8243; _builder_version=\u00bb4.21.0&#8243; _module_preset=\u00bbdefault\u00bb background_image=\u00bbhttps:\/\/amancaydeoro.com\/wp-content\/uploads\/2023\/07\/Sin-titulo-3.png\u00bb min_height=\u00bb100px\u00bb height=\u00bb384px\u00bb max_height=\u00bb1000px\u00bb custom_padding=\u00bb||0px|||\u00bb global_colors_info=\u00bb{}\u00bb][et_pb_row _builder_version=\u00bb4.21.0&#8243; _module_preset=\u00bbdefault\u00bb global_colors_info=\u00bb{}\u00bb][et_pb_column type=\u00bb4_4&#8243; _builder_version=\u00bb4.21.0&#8243; _module_preset=\u00bbdefault\u00bb global_colors_info=\u00bb{}\u00bb][et_pb_text _builder_version=\u00bb4.21.0&#8243; _module_preset=\u00bbdefault\u00bb text_text_color=\u00bb#0C71C3&#8243; text_font_size=\u00bb40px\u00bb text_font_size_tablet=\u00bb40px\u00bb text_font_size_phone=\u00bb34px\u00bb text_font_size_last_edited=\u00bbon|phone\u00bb global_colors_info=\u00bb{}\u00bb]<\/p>\n<p style=\"text-align: center;\">\u00bfQuieres participar?<\/p>\n<p>[\/et_pb_text][et_pb_divider color=\u00bb#E09900&#8243; _builder_version=\u00bb4.21.0&#8243; _module_preset=\u00bbdefault\u00bb width=\u00bb16%\u00bb module_alignment=\u00bbcenter\u00bb global_colors_info=\u00bb{}\u00bb][\/et_pb_divider][\/et_pb_column][\/et_pb_row][et_pb_row use_custom_gutter=\u00bbon\u00bb make_equal=\u00bbon\u00bb _builder_version=\u00bb4.21.0&#8243; _module_preset=\u00bbdefault\u00bb width=\u00bb30%\u00bb width_tablet=\u00bb30%\u00bb width_phone=\u00bb99%\u00bb width_last_edited=\u00bbon|phone\u00bb max_width=\u00bb924px\u00bb min_height=\u00bb947px\u00bb custom_margin_tablet=\u00bb\u00bb custom_margin_phone=\u00bb-34px|||-8px|false|false\u00bb custom_margin_last_edited=\u00bbon|desktop\u00bb global_colors_info=\u00bb{}\u00bb][et_pb_column type=\u00bb4_4&#8243; _builder_version=\u00bb4.21.0&#8243; _module_preset=\u00bbdefault\u00bb custom_css_main_element=\u00bbdisplay: flex;||justify-content: space-around;\u00bb global_colors_info=\u00bb{}\u00bb custom_css_main_element_last_edited=\u00bbon|phone\u00bb custom_css_main_element_phone=\u00bbd\u00bb custom_css_main_element_tablet=\u00bbdisplay: flex;||justify-content: space-around;\u00bb][et_pb_button button_text=\u00bbinscr\u00edbete\u00bb button_alignment=\u00bbcenter\u00bb _builder_version=\u00bb4.21.0&#8243; _module_preset=\u00bbdefault\u00bb custom_button=\u00bbon\u00bb button_text_color=\u00bb#E09900&#8243; button_icon=\u00bb&#xf35a;||fa||400&#8243; button_icon_placement=\u00bbleft\u00bb button_on_hover=\u00bboff\u00bb global_colors_info=\u00bb{}\u00bb][\/et_pb_button][et_pb_button button_text=\u00bbInversi\u00f3n\u00bb button_alignment=\u00bbcenter\u00bb _builder_version=\u00bb4.21.0&#8243; _module_preset=\u00bbdefault\u00bb custom_button=\u00bbon\u00bb button_text_color=\u00bb#E09900&#8243; button_icon=\u00bb&#xe03c;||divi||400&#8243; button_icon_placement=\u00bbleft\u00bb button_on_hover=\u00bboff\u00bb global_colors_info=\u00bb{}\u00bb][\/et_pb_button][\/et_pb_column][\/et_pb_row][\/et_pb_section]<\/p>\n","protected":false},"excerpt":{"rendered":"<p>&#8211; BASES Y CRITERIOS DE EVALUACI\u00d3N -Lee cuidadosamentelas bases y criteriosde evaluaci\u00f3n queaplicar\u00e1 el juradoTu proyecto deber\u00e1 ser presentado en 3imagenes formato PDF y deber\u00e1s adjuntarun archivo de texto con una brevedescripci\u00f3n de tu proyecto (de 40 a 80palabras). Los criterios que tomar\u00e1 enconsideraci\u00f3n el jurado en el caso de lacategor\u00eda AMBIENTACI\u00d3N BODA EN LAPLAYA [&hellip;]<\/p>\n","protected":false},"author":1,"featured_media":0,"parent":0,"menu_order":0,"comment_status":"closed","ping_status":"closed","template":"","meta":{"_et_pb_use_builder":"on","_et_pb_old_content":"","_et_gb_content_width":"","footnotes":""},"class_list":["post-531","page","type-page","status-publish","hentry"],"_links":{"self":[{"href":"https:\/\/amancaydeoro.com\/index.php\/wp-json\/wp\/v2\/pages\/531","targetHints":{"allow":["GET"]}}],"collection":[{"href":"https:\/\/amancaydeoro.com\/index.php\/wp-json\/wp\/v2\/pages"}],"about":[{"href":"https:\/\/amancaydeoro.com\/index.php\/wp-json\/wp\/v2\/types\/page"}],"author":[{"embeddable":true,"href":"https:\/\/amancaydeoro.com\/index.php\/wp-json\/wp\/v2\/users\/1"}],"replies":[{"embeddable":true,"href":"https:\/\/amancaydeoro.com\/index.php\/wp-json\/wp\/v2\/comments?post=531"}],"version-history":[{"count":17,"href":"https:\/\/amancaydeoro.com\/index.php\/wp-json\/wp\/v2\/pages\/531\/revisions"}],"predecessor-version":[{"id":570,"href":"https:\/\/amancaydeoro.com\/index.php\/wp-json\/wp\/v2\/pages\/531\/revisions\/570"}],"wp:attachment":[{"href":"https:\/\/amancaydeoro.com\/index.php\/wp-json\/wp\/v2\/media?parent=531"}],"curies":[{"name":"wp","href":"https:\/\/api.w.org\/{rel}","templated":true}]}}