{"id":3166,"date":"2025-09-08T20:39:08","date_gmt":"2025-09-09T01:39:08","guid":{"rendered":"https:\/\/amancaydeoro.com\/?page_id=3166"},"modified":"2025-09-09T12:01:46","modified_gmt":"2025-09-09T17:01:46","slug":"finalistas","status":"publish","type":"page","link":"https:\/\/amancaydeoro.com\/index.php\/finalistas\/","title":{"rendered":"FINALISTAS"},"content":{"rendered":"<p>[et_pb_section fb_built=\u00bb1&#8243; _builder_version=\u00bb4.27.4&#8243; _module_preset=\u00bbdefault\u00bb global_colors_info=\u00bb{}\u00bb][et_pb_row _builder_version=\u00bb4.27.4&#8243; _module_preset=\u00bbdefault\u00bb global_colors_info=\u00bb{}\u00bb][et_pb_column type=\u00bb4_4&#8243; _builder_version=\u00bb4.27.4&#8243; _module_preset=\u00bbdefault\u00bb global_colors_info=\u00bb{}\u00bb][et_pb_blurb title=\u00bbPRIMERA EDICION 2024&#8243; icon_alignment=\u00bbleft\u00bb _builder_version=\u00bb4.27.4&#8243; _module_preset=\u00bbdefault\u00bb header_font=\u00bb||on||||||\u00bb header_text_align=\u00bbcenter\u00bb global_colors_info=\u00bb{}\u00bb][\/et_pb_blurb][\/et_pb_column][\/et_pb_row][et_pb_row _builder_version=\u00bb4.27.4&#8243; _module_preset=\u00bbdefault\u00bb module_alignment=\u00bbcenter\u00bb custom_margin=\u00bb-9px||||false|false\u00bb custom_margin_tablet=\u00bb-9px||||false|false\u00bb custom_margin_phone=\u00bb-43px||||false|false\u00bb custom_margin_last_edited=\u00bbon|desktop\u00bb module_alignment_tablet=\u00bbcenter\u00bb module_alignment_phone=\u00bbcenter\u00bb module_alignment_last_edited=\u00bbon|desktop\u00bb global_colors_info=\u00bb{}\u00bb][et_pb_column type=\u00bb4_4&#8243; _builder_version=\u00bb4.27.4&#8243; _module_preset=\u00bbdefault\u00bb global_colors_info=\u00bb{}\u00bb][et_pb_text content_tablet=\u00bb<\/p>\n<table width=%22191%22 style=%22height: 720px; margin-left: auto; margin-right: auto;%22>\n<tbody>\n<tr style=%22height: 48px;%22>\n<td style=%22height: 48px; width: 181px; text-align: center;%22>Ambientaci\u00f3n Boda Campestre<\/td>\n<\/tr>\n<tr style=%22height: 48px; text-align: center;%22>\n<td style=%22height: 48px; width: 181px;%22>Ambientaci\u00f3n Boda Cl\u00e1sica<\/td>\n<\/tr>\n<tr style=%22height: 48px; text-align: center;%22>\n<td style=%22height: 48px; width: 181px;%22>Ambientaci\u00f3n Boda De Destino<\/td>\n<\/tr>\n<tr style=%22height: 48px; text-align: center;%22>\n<td style=%22height: 48px; width: 181px;%22>Ambientaci\u00f3n Boda Glamour<\/td>\n<\/tr>\n<tr style=%22height: 48px; text-align: center;%22>\n<td style=%22height: 48px; width: 181px;%22>Ambientaci\u00f3n Boda Simb\u00f3lica<\/td>\n<\/tr>\n<tr style=%22height: 48px; text-align: center;%22>\n<td style=%22height: 48px; width: 181px;%22>Ambientaci\u00f3n Boda Tem\u00e1tica<\/td>\n<\/tr>\n<tr style=%22height: 24px; text-align: center;%22>\n<td style=%22height: 24px; width: 181px;%22>Bouquet De La Novia<\/td>\n<\/tr>\n<tr style=%22height: 48px; text-align: center;%22>\n<td style=%22height: 48px; width: 181px;%22>Decoraci\u00f3n De Mesa De Dulces<\/td>\n<\/tr>\n<tr style=%22height: 48px; text-align: center;%22>\n<td style=%22height: 48px; width: 181px;%22>Decoraci\u00f3n De Mesa De Quesos<\/td>\n<\/tr>\n<tr style=%22height: 24px; text-align: center;%22>\n<td style=%22height: 24px; width: 181px;%22>Decoraci\u00f3n De Tortas<\/td>\n<\/tr>\n<tr style=%22height: 48px; text-align: center;%22>\n<td style=%22height: 48px; width: 181px;%22>Estilismo Maquillaje Y Peinado<\/td>\n<\/tr>\n<tr style=%22height: 24px; text-align: center;%22>\n<td style=%22height: 24px; width: 181px;%22>Estructuras Y Toldos<\/td>\n<\/tr>\n<tr style=%22height: 24px; text-align: center;%22>\n<td style=%22height: 24px; width: 181px;%22>Fotograf\u00eda De Boda<\/td>\n<\/tr>\n<tr style=%22height: 24px; text-align: center;%22>\n<td style=%22height: 24px; width: 181px;%22>Interpretaci\u00f3n Coral<\/td>\n<\/tr>\n<tr style=%22height: 48px; text-align: center;%22>\n<td style=%22height: 48px; width: 181px;%22>Interpretaci\u00f3n De Orquesta<\/td>\n<\/tr>\n<tr style=%22height: 24px; text-align: center;%22>\n<td style=%22height: 24px; width: 181px;%22>Souvenirs Y Recuerdos<\/td>\n<\/tr>\n<tr style=%22height: 24px; text-align: center;%22>\n<td style=%22height: 24px; width: 181px;%22>Tarjeta De Invitaci\u00f3n<\/td>\n<\/tr>\n<tr style=%22height: 24px; text-align: center;%22>\n<td style=%22height: 24px; width: 181px;%22>Tiaras Y Joyas<\/td>\n<\/tr>\n<tr style=%22height: 24px; text-align: center;%22>\n<td style=%22height: 24px; width: 181px;%22>Vestido De Novia<\/td>\n<\/tr>\n<tr style=%22height: 24px; text-align: center;%22>\n<td style=%22height: 24px; width: 181px;%22>Video De Boda<\/td>\n<\/tr>\n<\/tbody>\n<\/table>\n<p>\u00bb content_phone=\u00bb<\/p>\n<table width=%22191%22 style=%22height: 720px; margin-left: auto; margin-right: auto;%22>\n<tbody>\n<tr style=%22height: 48px;%22>\n<td style=%22height: 48px; width: 181px; text-align: center;%22><a href=%22https:\/\/amancaydeoro.com\/pdf\/finalistas\/2024\/AmbientacionBodaCampestre.pdf%22>Ambientaci\u00f3n Boda Campestre<\/a><\/td>\n<\/tr>\n<tr style=%22height: 48px; text-align: center;%22>\n<td style=%22height: 48px; width: 181px;%22><a href=%22https:\/\/amancaydeoro.com\/pdf\/finalistas\/2024\/AmbientacionBodaClasica.pdf%22>Ambientaci\u00f3n Boda Cl\u00e1sica<\/a><\/td>\n<\/tr>\n<tr style=%22height: 48px; text-align: center;%22>\n<td style=%22height: 48px; width: 181px;%22><a href=%22https:\/\/amancaydeoro.com\/pdf\/finalistas\/2024\/AmbientacionBodaDeDestino.pdf%22>Ambientaci\u00f3n Boda De Destino<\/a><\/td>\n<\/tr>\n<tr style=%22height: 48px; text-align: center;%22>\n<td style=%22height: 48px; width: 181px;%22><a href=%22https:\/\/amancaydeoro.com\/pdf\/finalistas\/2024\/AmbientacionBodaGlamour.pdf%22>Ambientaci\u00f3n Boda Glamour<\/a><\/td>\n<\/tr>\n<tr style=%22height: 48px; text-align: center;%22>\n<td style=%22height: 48px; width: 181px;%22><a href=%22https:\/\/amancaydeoro.com\/pdf\/finalistas\/2024\/AmbientacionBodaSimbolica.pdf%22>Ambientaci\u00f3n Boda Simb\u00f3lica<\/a><\/td>\n<\/tr>\n<tr style=%22height: 48px; text-align: center;%22>\n<td style=%22height: 48px; width: 181px;%22><a href=%22https:\/\/amancaydeoro.com\/pdf\/finalistas\/2024\/AmbientacionBodaTem\u00e1tica.pdf%22>Ambientaci\u00f3n Boda Tem\u00e1tica<\/a><\/td>\n<\/tr>\n<tr style=%22height: 24px; text-align: center;%22>\n<td style=%22height: 24px; width: 181px;%22><a href=%22https:\/\/amancaydeoro.com\/pdf\/finalistas\/2024\/BouquetDeLaNovia.pdf%22>Bouquet De La Novia<\/a><\/td>\n<\/tr>\n<tr style=%22height: 48px; text-align: center;%22>\n<td style=%22height: 48px; width: 181px;%22><a href=%22https:\/\/amancaydeoro.com\/pdf\/finalistas\/2024\/DecoracionDeMesaDeDulces.pdf%22>Decoraci\u00f3n De Mesa De Dulces<\/a><\/td>\n<\/tr>\n<tr style=%22height: 48px; text-align: center;%22>\n<td style=%22height: 48px; width: 181px;%22><a href=%22https:\/\/amancaydeoro.com\/pdf\/finalistas\/2024\/DecoracionDeMesaDeQuesos.pdf%22>Decoraci\u00f3n De Mesa De Quesos<\/a><\/td>\n<\/tr>\n<tr style=%22height: 24px; text-align: center;%22>\n<td style=%22height: 24px; width: 181px;%22><a href=%22https:\/\/amancaydeoro.com\/pdf\/finalistas\/2024\/DecoracionDeTortas.pdf%22>Decoraci\u00f3n De Tortas<\/a><\/td>\n<\/tr>\n<tr style=%22height: 48px; text-align: center;%22>\n<td style=%22height: 48px; width: 181px;%22><a href=%22https:\/\/amancaydeoro.com\/pdf\/finalistas\/2024\/EstilismoMaquillajeYPeinado.pdf%22>Estilismo Maquillaje Y Peinado<\/a><\/td>\n<\/tr>\n<tr style=%22height: 24px; text-align: center;%22>\n<td style=%22height: 24px; width: 181px;%22><a href=%22https:\/\/amancaydeoro.com\/pdf\/finalistas\/2024\/EstructurasYToldos.pdf%22>Estructuras Y Toldos<\/a><\/td>\n<\/tr>\n<tr style=%22height: 24px; text-align: center;%22>\n<td style=%22height: 24px; width: 181px;%22><a href=%22https:\/\/amancaydeoro.com\/pdf\/finalistas\/2024\/FotografiaDeBoda.pdf%22>Fotograf\u00eda De Boda<\/a><\/td>\n<\/tr>\n<tr style=%22height: 24px; text-align: center;%22>\n<td style=%22height: 24px; width: 181px;%22><a href=%22https:\/\/amancaydeoro.com\/pdf\/finalistas\/2024\/InterpretacionCoral.pdf%22>Interpretaci\u00f3n Coral<\/a><\/td>\n<\/tr>\n<tr style=%22height: 48px; text-align: center;%22>\n<td style=%22height: 48px; width: 181px;%22><a href=%22https:\/\/amancaydeoro.com\/pdf\/finalistas\/2024\/InterpretacionDeOrquesta.pdf%22>Interpretaci\u00f3n De Orquesta<\/a><\/td>\n<\/tr>\n<tr style=%22height: 24px; text-align: center;%22>\n<td style=%22height: 24px; width: 181px;%22><a href=%22https:\/\/amancaydeoro.com\/pdf\/finalistas\/2024\/SouvenirsYRecuerdos.pdf%22>Souvenirs Y Recuerdos<\/a><\/td>\n<\/tr>\n<tr style=%22height: 24px; text-align: center;%22>\n<td style=%22height: 24px; width: 181px;%22><a href=%22https:\/\/amancaydeoro.com\/pdf\/finalistas\/2024\/TarjetaDeInvitacion.pdf%22>Tarjeta De Invitaci\u00f3n<\/a><\/td>\n<\/tr>\n<tr style=%22height: 24px; text-align: center;%22>\n<td style=%22height: 24px; width: 181px;%22><a href=%22TiarasYJoyas%22>Tiaras Y Joyas<\/a><\/td>\n<\/tr>\n<tr style=%22height: 24px; text-align: center;%22>\n<td style=%22height: 24px; width: 181px;%22><a href=%22https:\/\/amancaydeoro.com\/pdf\/finalistas\/2024\/VestidoDeNovia.pdf%22>Vestido De Novia<\/a><\/td>\n<\/tr>\n<tr style=%22height: 24px; text-align: center;%22>\n<td style=%22height: 24px; width: 181px;%22><a href=%22https:\/\/amancaydeoro.com\/pdf\/finalistas\/2024\/VideoDeBoda.pdf%22>Video De Boda<\/a><\/td>\n<\/tr>\n<\/tbody>\n<\/table>\n<p>\u00bb content_last_edited=\u00bbon|phone\u00bb _builder_version=\u00bb4.27.4&#8243; _module_preset=\u00bbdefault\u00bb hover_enabled=\u00bb0&#8243; global_colors_info=\u00bb{}\u00bb sticky_enabled=\u00bb0&#8243;]<\/p>\n<table width=\"191\" style=\"height: 720px; margin-left: auto; margin-right: auto;\">\n<tbody>\n<tr style=\"height: 48px;\">\n<td style=\"height: 48px; width: 181px; text-align: center;\"><a href=\"https:\/\/amancaydeoro.com\/pdf\/finalistas\/2024\/AmbientacionBodaCampestre.pdf\">Ambientaci\u00f3n Boda Campestre<\/a><\/td>\n<\/tr>\n<tr style=\"height: 48px; text-align: center;\">\n<td style=\"height: 48px; width: 181px;\"><a href=\"https:\/\/amancaydeoro.com\/pdf\/finalistas\/2024\/AmbientacionBodaClasica.pdf\">Ambientaci\u00f3n Boda Cl\u00e1sica<\/a><\/td>\n<\/tr>\n<tr style=\"height: 48px; text-align: center;\">\n<td style=\"height: 48px; width: 181px;\"><a href=\"https:\/\/amancaydeoro.com\/pdf\/finalistas\/2024\/AmbientacionBodaDeDestino.pdf\">Ambientaci\u00f3n Boda De Destino<\/a><\/td>\n<\/tr>\n<tr style=\"height: 48px; text-align: center;\">\n<td style=\"height: 48px; width: 181px;\"><a href=\"https:\/\/amancaydeoro.com\/pdf\/finalistas\/2024\/AmbientacionBodaGlamour.pdf\">Ambientaci\u00f3n Boda Glamour<\/a><\/td>\n<\/tr>\n<tr style=\"height: 48px; text-align: center;\">\n<td style=\"height: 48px; width: 181px;\"><a href=\"https:\/\/amancaydeoro.com\/pdf\/finalistas\/2024\/AmbientacionBodaSimbolica.pdf\">Ambientaci\u00f3n Boda Simb\u00f3lica<\/a><\/td>\n<\/tr>\n<tr style=\"height: 48px; text-align: center;\">\n<td style=\"height: 48px; width: 181px;\"><a href=\"https:\/\/amancaydeoro.com\/pdf\/finalistas\/2024\/AmbientacionBodaTem\u00e1tica.pdf\">Ambientaci\u00f3n Boda Tem\u00e1tica<\/a><\/td>\n<\/tr>\n<tr style=\"height: 24px; text-align: center;\">\n<td style=\"height: 24px; width: 181px;\"><a href=\"https:\/\/amancaydeoro.com\/pdf\/finalistas\/2024\/BouquetDeLaNovia.pdf\">Bouquet De La Novia<\/a><\/td>\n<\/tr>\n<tr style=\"height: 48px; text-align: center;\">\n<td style=\"height: 48px; width: 181px;\"><a href=\"https:\/\/amancaydeoro.com\/pdf\/finalistas\/2024\/DecoracionDeMesaDeDulces.pdf\">Decoraci\u00f3n De Mesa De Dulces<\/a><\/td>\n<\/tr>\n<tr style=\"height: 48px; text-align: center;\">\n<td style=\"height: 48px; width: 181px;\"><a href=\"https:\/\/amancaydeoro.com\/pdf\/finalistas\/2024\/DecoracionDeMesaDeQuesos.pdf\">Decoraci\u00f3n De Mesa De Quesos<\/a><\/td>\n<\/tr>\n<tr style=\"height: 24px; text-align: center;\">\n<td style=\"height: 24px; width: 181px;\"><a href=\"https:\/\/amancaydeoro.com\/pdf\/finalistas\/2024\/DecoracionDeTortas.pdf\">Decoraci\u00f3n De Tortas<\/a><\/td>\n<\/tr>\n<tr style=\"height: 48px; text-align: center;\">\n<td style=\"height: 48px; width: 181px;\"><a href=\"https:\/\/amancaydeoro.com\/pdf\/finalistas\/2024\/EstilismoMaquillajeYPeinado.pdf\">Estilismo Maquillaje Y Peinado<\/a><\/td>\n<\/tr>\n<tr style=\"height: 24px; text-align: center;\">\n<td style=\"height: 24px; width: 181px;\"><a href=\"https:\/\/amancaydeoro.com\/pdf\/finalistas\/2024\/EstructurasYToldos.pdf\">Estructuras Y Toldos<\/a><\/td>\n<\/tr>\n<tr style=\"height: 24px; text-align: center;\">\n<td style=\"height: 24px; width: 181px;\"><a href=\"https:\/\/amancaydeoro.com\/pdf\/finalistas\/2024\/FotografiaDeBoda.pdf\">Fotograf\u00eda De Boda<\/a><\/td>\n<\/tr>\n<tr style=\"height: 24px; text-align: center;\">\n<td style=\"height: 24px; width: 181px;\"><a href=\"https:\/\/amancaydeoro.com\/pdf\/finalistas\/2024\/InterpretacionCoral.pdf\">Interpretaci\u00f3n Coral<\/a><\/td>\n<\/tr>\n<tr style=\"height: 48px; text-align: center;\">\n<td style=\"height: 48px; width: 181px;\"><a href=\"https:\/\/amancaydeoro.com\/pdf\/finalistas\/2024\/InterpretacionDeOrquesta.pdf\">Interpretaci\u00f3n De Orquesta<\/a><\/td>\n<\/tr>\n<tr style=\"height: 24px; text-align: center;\">\n<td style=\"height: 24px; width: 181px;\"><a href=\"https:\/\/amancaydeoro.com\/pdf\/finalistas\/2024\/SouvenirsYRecuerdos.pdf\">Souvenirs Y Recuerdos<\/a><\/td>\n<\/tr>\n<tr style=\"height: 24px; text-align: center;\">\n<td style=\"height: 24px; width: 181px;\"><a href=\"https:\/\/amancaydeoro.com\/pdf\/finalistas\/2024\/TarjetaDeInvitacion.pdf\">Tarjeta De Invitaci\u00f3n<\/a><\/td>\n<\/tr>\n<tr style=\"height: 24px; text-align: center;\">\n<td style=\"height: 24px; width: 181px;\"><a href=\"TiarasYJoyas\">Tiaras Y Joyas<\/a><\/td>\n<\/tr>\n<tr style=\"height: 24px; text-align: center;\">\n<td style=\"height: 24px; width: 181px;\"><a href=\"https:\/\/amancaydeoro.com\/pdf\/finalistas\/2024\/VestidoDeNovia.pdf\">Vestido De Novia<\/a><\/td>\n<\/tr>\n<tr style=\"height: 24px; text-align: center;\">\n<td style=\"height: 24px; width: 181px;\"><a href=\"https:\/\/amancaydeoro.com\/pdf\/finalistas\/2024\/VideoDeBoda.pdf\">Video De Boda<\/a><\/td>\n<\/tr>\n<\/tbody>\n<\/table>\n<p>[\/et_pb_text][\/et_pb_column][\/et_pb_row][\/et_pb_section]<\/p>\n","protected":false},"excerpt":{"rendered":"<p>Ambientaci\u00f3n Boda Campestre Ambientaci\u00f3n Boda Cl\u00e1sica Ambientaci\u00f3n Boda De Destino Ambientaci\u00f3n Boda Glamour Ambientaci\u00f3n Boda Simb\u00f3lica Ambientaci\u00f3n Boda Tem\u00e1tica Bouquet De La Novia Decoraci\u00f3n De Mesa De Dulces Decoraci\u00f3n De Mesa De Quesos Decoraci\u00f3n De Tortas Estilismo Maquillaje Y Peinado Estructuras Y Toldos Fotograf\u00eda De Boda Interpretaci\u00f3n Coral Interpretaci\u00f3n De Orquesta Souvenirs Y Recuerdos Tarjeta [&hellip;]<\/p>\n","protected":false},"author":1,"featured_media":0,"parent":0,"menu_order":0,"comment_status":"closed","ping_status":"closed","template":"","meta":{"_et_pb_use_builder":"on","_et_pb_old_content":"","_et_gb_content_width":"","footnotes":""},"class_list":["post-3166","page","type-page","status-publish","hentry"],"_links":{"self":[{"href":"https:\/\/amancaydeoro.com\/index.php\/wp-json\/wp\/v2\/pages\/3166","targetHints":{"allow":["GET"]}}],"collection":[{"href":"https:\/\/amancaydeoro.com\/index.php\/wp-json\/wp\/v2\/pages"}],"about":[{"href":"https:\/\/amancaydeoro.com\/index.php\/wp-json\/wp\/v2\/types\/page"}],"author":[{"embeddable":true,"href":"https:\/\/amancaydeoro.com\/index.php\/wp-json\/wp\/v2\/users\/1"}],"replies":[{"embeddable":true,"href":"https:\/\/amancaydeoro.com\/index.php\/wp-json\/wp\/v2\/comments?post=3166"}],"version-history":[{"count":7,"href":"https:\/\/amancaydeoro.com\/index.php\/wp-json\/wp\/v2\/pages\/3166\/revisions"}],"predecessor-version":[{"id":3188,"href":"https:\/\/amancaydeoro.com\/index.php\/wp-json\/wp\/v2\/pages\/3166\/revisions\/3188"}],"wp:attachment":[{"href":"https:\/\/amancaydeoro.com\/index.php\/wp-json\/wp\/v2\/media?parent=3166"}],"curies":[{"name":"wp","href":"https:\/\/api.w.org\/{rel}","templated":true}]}}