{"id":1993,"date":"2023-07-19T18:11:48","date_gmt":"2023-07-19T23:11:48","guid":{"rendered":"https:\/\/amancaydeoro.com\/?page_id=1993"},"modified":"2023-07-19T18:32:03","modified_gmt":"2023-07-19T23:32:03","slug":"post01","status":"publish","type":"page","link":"https:\/\/amancaydeoro.com\/index.php\/post01\/","title":{"rendered":"post01"},"content":{"rendered":"<p>[et_pb_section fb_built=\u00bb1&#8243; _builder_version=\u00bb4.21.0&#8243; _module_preset=\u00bbdefault\u00bb hover_enabled=\u00bb0&#8243; global_colors_info=\u00bb{}\u00bb custom_margin_last_edited=\u00bbon|phone\u00bb sticky_enabled=\u00bb0&#8243;][et_pb_row _builder_version=\u00bb4.21.0&#8243; _module_preset=\u00bbdefault\u00bb hover_enabled=\u00bb0&#8243; global_colors_info=\u00bb{}\u00bb custom_margin_last_edited=\u00bbon|phone\u00bb custom_padding_last_edited=\u00bbon|phone\u00bb custom_margin_phone=\u00bb-65px||||false|false\u00bb sticky_enabled=\u00bb0&#8243;][et_pb_column type=\u00bb4_4&#8243; _builder_version=\u00bb4.21.0&#8243; _module_preset=\u00bbdefault\u00bb global_colors_info=\u00bb{}\u00bb][et_pb_text _builder_version=\u00bb4.21.0&#8243; _module_preset=\u00bbdefault\u00bb text_font=\u00bbMontserrat||||||||\u00bb text_text_color=\u00bb#E09900&#8243; text_font_size=\u00bb16px\u00bb text_orientation=\u00bbcenter\u00bb hover_enabled=\u00bb0&#8243; global_colors_info=\u00bb{}\u00bb content_last_edited=\u00bbon|phone\u00bb content_phone=\u00bb<\/p>\n<p>LANZAMIENTO\u00a0 <img src=%22https:\/\/amancaydeoro.com\/wp-content\/uploads\/2023\/07\/flores3-300x300.png%22 width=%2254%22 height=%2254%22 alt=%22%22 class=%22wp-image-297 alignnone size-medium%22 \/><\/p>\n<p>&nbsp;<\/p>\n<p>\u00bb sticky_enabled=\u00bb0&#8243; content_tablet=\u00bb<\/p>\n<p>LANZAMIENTO \u00a0 \u00a0 \u00a0 \u00a0 \u00a0 \u00a0 \u00a0 \u00a0 \u00a0 \u00a0 \u00a0 <img src=%22https:\/\/amancaydeoro.com\/wp-content\/uploads\/2023\/07\/flores3-300x300.png%22 width=%2254%22 height=%2254%22 alt=%22%22 class=%22wp-image-297 alignnone size-medium%22 \/><\/p>\n<p>&nbsp;<\/p>\n<p>\u00ab]<\/p>\n<p>LANZAMIENTO \u00a0 \u00a0 \u00a0 \u00a0 \u00a0 \u00a0 \u00a0 \u00a0 \u00a0 \u00a0 \u00a0 <img loading=\"lazy\" decoding=\"async\" src=\"https:\/\/amancaydeoro.com\/wp-content\/uploads\/2023\/07\/flores3-300x300.png\" width=\"54\" height=\"54\" alt=\"\" class=\"wp-image-297 alignnone size-medium\" srcset=\"https:\/\/amancaydeoro.com\/wp-content\/uploads\/2023\/07\/flores3-300x300.png 300w, https:\/\/amancaydeoro.com\/wp-content\/uploads\/2023\/07\/flores3-150x150.png 150w, https:\/\/amancaydeoro.com\/wp-content\/uploads\/2023\/07\/flores3-400x409.png 400w, https:\/\/amancaydeoro.com\/wp-content\/uploads\/2023\/07\/flores3.png 409w\" sizes=\"(max-width: 54px) 100vw, 54px\" \/><\/p>\n<p>&nbsp;<\/p>\n<p>[\/et_pb_text][et_pb_text _builder_version=\u00bb4.21.0&#8243; _module_preset=\u00bbdefault\u00bb text_font=\u00bbPlayfair Display||||||||\u00bb text_text_color=\u00bb#0d6aa3&#8243; text_font_size=\u00bb34.7px\u00bb text_line_height=\u00bb1em\u00bb text_orientation=\u00bbcenter\u00bb hover_enabled=\u00bb0&#8243; global_colors_info=\u00bb{}\u00bb text_font_size_last_edited=\u00bbon|phone\u00bb text_font_size_phone=\u00bb23.7px\u00bb sticky_enabled=\u00bb0&#8243; custom_margin_last_edited=\u00bbon|phone\u00bb custom_padding_last_edited=\u00bbon|phone\u00bb custom_margin_phone=\u00bb-53px||||false|false\u00bb text_font_size_tablet=\u00bb34.7px\u00bb]<\/p>\n<p>Conferencia de Prensa El Amancay de Oro<\/p>\n<p>[\/et_pb_text][et_pb_blurb _builder_version=\u00bb4.21.0&#8243; _module_preset=\u00bbdefault\u00bb hover_enabled=\u00bb0&#8243; global_colors_info=\u00bb{}\u00bb text_orientation_last_edited=\u00bbon|phone\u00bb text_orientation_phone=\u00bbleft\u00bb sticky_enabled=\u00bb0&#8243;]<\/p>\n<p>\u201cPer\u00fa, un lujo de destino\u201d<br \/>Conferencia de Prensa El Amancay de Oro<\/p>\n<p>La C\u00e1mara de Profesionales de Eventos del Per\u00fa (CAPEV), celebrar\u00e1 la primera edici\u00f3n de la Bienal EL AMANCAY DE ORO, concurso que tiene como objetivo reconocer a los mejores profesionales de la industria de la producci\u00f3n de bodas y eventos sociales, y todo lo que acompa\u00f1a a este maravilloso mundo de las celebraciones.<\/p>\n<p>A la fecha, la primera Bienal EL AMANCAY DE ORO, cuenta con organizaciones aliadas como son JW Marriott Lima Hotel, USIL (Universidad San Ignacio de Loyola) y APDAYC (Asociaci\u00f3n Peruana de Autores y Compositores).<\/p>\n<p>Uno de los motivos fundamentales es incentivar la optimizaci\u00f3n de la calidad del buen servicio, as\u00ed como la formalizaci\u00f3n del m\u00e1s alto porcentaje de emprendedores en este sector. Somos un pa\u00eds que tiene todas las herramientas materiales e inmateriales que un destino de lujo requiere y por eso nace la iniciativa de crear este lujo de plataforma.<\/p>\n<p>[\/et_pb_blurb][et_pb_text _builder_version=\u00bb4.21.0&#8243; _module_preset=\u00bbdefault\u00bb text_font=\u00bbMontserrat||||||||\u00bb text_orientation=\u00bbcenter\u00bb global_colors_info=\u00bb{}\u00bb]<\/p>\n<p><span style=\"color: #ff9900;\">POR LAURA TORRES<\/span><br \/>15 de junio del 2023<\/p>\n<p>[\/et_pb_text][\/et_pb_column][\/et_pb_row][et_pb_row _builder_version=\u00bb4.21.0&#8243; _module_preset=\u00bbdefault\u00bb global_colors_info=\u00bb{}\u00bb][et_pb_column type=\u00bb4_4&#8243; _builder_version=\u00bb4.21.0&#8243; _module_preset=\u00bbdefault\u00bb global_colors_info=\u00bb{}\u00bb][dsm_masonry_gallery gallery_ids=\u00bb1996,1997,1998,1999,1984&#8243; _builder_version=\u00bb4.21.0&#8243; _module_preset=\u00bbdefault\u00bb global_colors_info=\u00bb{}\u00bb][\/dsm_masonry_gallery][\/et_pb_column][\/et_pb_row][\/et_pb_section]<\/p>\n","protected":false},"excerpt":{"rendered":"<p>LANZAMIENTO \u00a0 \u00a0 \u00a0 \u00a0 \u00a0 \u00a0 \u00a0 \u00a0 \u00a0 \u00a0 \u00a0 &nbsp;Conferencia de Prensa El Amancay de Oro\u201cPer\u00fa, un lujo de destino\u201dConferencia de Prensa El Amancay de Oro La C\u00e1mara de Profesionales de Eventos del Per\u00fa (CAPEV), celebrar\u00e1 la primera edici\u00f3n de la Bienal EL AMANCAY DE ORO, concurso que tiene como objetivo reconocer [&hellip;]<\/p>\n","protected":false},"author":1,"featured_media":0,"parent":0,"menu_order":0,"comment_status":"closed","ping_status":"closed","template":"","meta":{"_et_pb_use_builder":"on","_et_pb_old_content":"","_et_gb_content_width":"","footnotes":""},"class_list":["post-1993","page","type-page","status-publish","hentry"],"_links":{"self":[{"href":"https:\/\/amancaydeoro.com\/index.php\/wp-json\/wp\/v2\/pages\/1993","targetHints":{"allow":["GET"]}}],"collection":[{"href":"https:\/\/amancaydeoro.com\/index.php\/wp-json\/wp\/v2\/pages"}],"about":[{"href":"https:\/\/amancaydeoro.com\/index.php\/wp-json\/wp\/v2\/types\/page"}],"author":[{"embeddable":true,"href":"https:\/\/amancaydeoro.com\/index.php\/wp-json\/wp\/v2\/users\/1"}],"replies":[{"embeddable":true,"href":"https:\/\/amancaydeoro.com\/index.php\/wp-json\/wp\/v2\/comments?post=1993"}],"version-history":[{"count":5,"href":"https:\/\/amancaydeoro.com\/index.php\/wp-json\/wp\/v2\/pages\/1993\/revisions"}],"predecessor-version":[{"id":2005,"href":"https:\/\/amancaydeoro.com\/index.php\/wp-json\/wp\/v2\/pages\/1993\/revisions\/2005"}],"wp:attachment":[{"href":"https:\/\/amancaydeoro.com\/index.php\/wp-json\/wp\/v2\/media?parent=1993"}],"curies":[{"name":"wp","href":"https:\/\/api.w.org\/{rel}","templated":true}]}}