{"id":15,"date":"2023-06-27T17:27:22","date_gmt":"2023-06-27T22:27:22","guid":{"rendered":"https:\/\/amancaydeoro.com\/?page_id=15"},"modified":"2025-09-07T13:58:01","modified_gmt":"2025-09-07T18:58:01","slug":"noticias","status":"publish","type":"page","link":"https:\/\/amancaydeoro.com\/index.php\/noticias\/","title":{"rendered":"GANADORESYFINALISTAS"},"content":{"rendered":"\n[et_pb_section fb_built=\u00bb1&#8243; _builder_version=\u00bb4.21.0&#8243; _module_preset=\u00bbdefault\u00bb background_image=\u00bbhttps:\/\/amancaydeoro.com\/wp-content\/uploads\/2023\/07\/noticias_ima_Mesa-de-trabajo-1.png\u00bb min_height=\u00bb100px\u00bb min_height_last_edited=\u00bboff|phone\u00bb height=\u00bb643px\u00bb height_last_edited=\u00bboff|phone\u00bb max_height=\u00bb1000px\u00bb max_height_last_edited=\u00bboff|phone\u00bb hover_enabled=\u00bb0&#8243; background_last_edited=\u00bbon|phone\u00bb background_image_phone=\u00bbhttps:\/\/amancaydeoro.com\/wp-content\/uploads\/2023\/07\/noticias_ima_mov_Mesa-de-trabajo-1.png\u00bb background_enable_image_phone=\u00bbon\u00bb global_colors_info=\u00bb{}\u00bb theme_builder_area=\u00bbpost_content\u00bb title_text=\u00bbnoticias_ima_mov_Mesa de trabajo 1&#8243; sticky_enabled=\u00bb0&#8243; custom_margin_last_edited=\u00bbon|phone\u00bb custom_margin_phone=\u00bb-75px||||false|false\u00bb][\/et_pb_section][et_pb_section fb_built=\u00bb1&#8243; _builder_version=\u00bb4.21.0&#8243; _module_preset=\u00bbdefault\u00bb hover_enabled=\u00bb0&#8243; global_colors_info=\u00bb{}\u00bb theme_builder_area=\u00bbpost_content\u00bb custom_margin_last_edited=\u00bbon|phone\u00bb custom_padding_last_edited=\u00bbon|phone\u00bb custom_margin_phone=\u00bb14px||||false|false\u00bb sticky_enabled=\u00bb0&#8243;][et_pb_row column_structure=\u00bb1_3,1_3,1_3&#8243; _builder_version=\u00bb4.21.0&#8243; _module_preset=\u00bbdefault\u00bb custom_padding=\u00bb1px|||||\u00bb hover_enabled=\u00bb0&#8243; global_colors_info=\u00bb{}\u00bb theme_builder_area=\u00bbpost_content\u00bb custom_margin_last_edited=\u00bbon|phone\u00bb custom_padding_last_edited=\u00bbon|phone\u00bb custom_margin_phone=\u00bb-13px||||false|false\u00bb sticky_enabled=\u00bb0&#8243; custom_padding_tablet=\u00bb1px|||||\u00bb custom_padding_phone=\u00bb1px|||||\u00bb][et_pb_column type=\u00bb1_3&#8243; _builder_version=\u00bb4.21.0&#8243; _module_preset=\u00bbdefault\u00bb background_color=\u00bbrgba(249,219,228,0.12)\u00bb custom_padding=\u00bb0px|0px|0px|18px|false|false\u00bb border_color_all=\u00bb#E09900&#8243; global_colors_info=\u00bb{}\u00bb theme_builder_area=\u00bbpost_content\u00bb][\/et_pb_column][et_pb_column type=\u00bb1_3&#8243; _builder_version=\u00bb4.21.0&#8243; _module_preset=\u00bbdefault\u00bb background_color=\u00bbrgba(249,219,228,0.12)\u00bb custom_padding=\u00bb0px|0px|0px|18px|false|false\u00bb border_color_all=\u00bb#E09900&#8243; global_colors_info=\u00bb{}\u00bb theme_builder_area=\u00bbpost_content\u00bb][et_pb_blurb image=\u00bbhttps:\/\/amancaydeoro.com\/wp-content\/uploads\/2023\/07\/2-compressed-scaled.jpg\u00bb image_icon_width=\u00bb139%\u00bb icon_alignment=\u00bbleft\u00bb content_max_width=\u00bb969px\u00bb _builder_version=\u00bb4.21.0&#8243; _module_preset=\u00bbdefault\u00bb image_icon_custom_margin=\u00bb||||false|false\u00bb image_icon_custom_padding=\u00bb|0px||0px|false|false\u00bb width=\u00bb100%\u00bb max_width=\u00bb100%\u00bb module_alignment=\u00bbleft\u00bb min_height=\u00bb100px\u00bb min_height_tablet=\u00bb100px\u00bb min_height_phone=\u00bb100px\u00bb min_height_last_edited=\u00bboff|phone\u00bb height=\u00bb175px\u00bb height_tablet=\u00bb248px\u00bb height_phone=\u00bb248px\u00bb height_last_edited=\u00bboff|phone\u00bb max_height=\u00bb1000px\u00bb max_height_tablet=\u00bb1000px\u00bb max_height_phone=\u00bb1000px\u00bb max_height_last_edited=\u00bbon|desktop\u00bb hover_enabled=\u00bb0&#8243; global_colors_info=\u00bb{}\u00bb theme_builder_area=\u00bbpost_content\u00bb sticky_enabled=\u00bb0&#8243; title_text=\u00bb2-compressed\u00bb width_last_edited=\u00bbon|phone\u00bb max_width_last_edited=\u00bbon|phone\u00bb module_alignment_last_edited=\u00bbon|phone\u00bb width_tablet=\u00bb100%\u00bb width_phone=\u00bb100%\u00bb max_width_tablet=\u00bb100%\u00bb max_width_phone=\u00bb100%\u00bb module_alignment_tablet=\u00bbleft\u00bb module_alignment_phone=\u00bbleft\u00bb][\/et_pb_blurb][et_pb_text _builder_version=\u00bb4.21.0&#8243; _module_preset=\u00bbdefault\u00bb text_font=\u00bbMontserrat||||||||\u00bb text_text_color=\u00bb#E09900&#8243; hover_enabled=\u00bb0&#8243; global_colors_info=\u00bb{}\u00bb theme_builder_area=\u00bbpost_content\u00bb sticky_enabled=\u00bb0&#8243; content_last_edited=\u00bbon|phone\u00bb content_phone=\u00bb<p>LANZAMIENTO\u00a0 \u00a0 \u00a0 \u00a0 \u00a0 \u00a0 \u00a0 \u00a0 \u00a0 \u00a0<img src=%22https:\/\/amancaydeoro.com\/wp-content\/uploads\/2023\/07\/flores3-300x300.png%22 width=%2240%22 height=%2240%22 alt=%22%22 class=%22wp-image-297 alignnone size-medium%22 \/><\/p>\n<p>&nbsp;<\/p>\u00bb content_tablet=\u00bb<p>LANZAMIENTO\u00a0 \u00a0 \u00a0 \u00a0 \u00a0 \u00a0 \u00a0 \u00a0 \u00a0 \u00a0 \u00a0 <img src=%22https:\/\/amancaydeoro.com\/wp-content\/uploads\/2023\/07\/flores3-300x300.png%22 width=%2254%22 height=%2254%22 alt=%22%22 class=%22wp-image-297 alignnone size-medium%22 \/><\/p>\n<p>&nbsp;<\/p>\u00ab]<p>LANZAMIENTO\u00a0 \u00a0 \u00a0 \u00a0 \u00a0 \u00a0 \u00a0 \u00a0 \u00a0 \u00a0 \u00a0 <img loading=\"lazy\" decoding=\"async\" src=\"https:\/\/amancaydeoro.com\/wp-content\/uploads\/2023\/07\/flores3-300x300.png\" width=\"54\" height=\"54\" alt=\"\" class=\"wp-image-297 alignnone size-medium\" srcset=\"https:\/\/amancaydeoro.com\/wp-content\/uploads\/2023\/07\/flores3-300x300.png 300w, https:\/\/amancaydeoro.com\/wp-content\/uploads\/2023\/07\/flores3-150x150.png 150w, https:\/\/amancaydeoro.com\/wp-content\/uploads\/2023\/07\/flores3-400x409.png 400w, https:\/\/amancaydeoro.com\/wp-content\/uploads\/2023\/07\/flores3.png 409w\" sizes=\"(max-width: 54px) 100vw, 54px\" \/><\/p>\n<p>&nbsp;<\/p>[\/et_pb_text][et_pb_text _builder_version=\u00bb4.21.0&#8243; _module_preset=\u00bbdefault\u00bb text_font=\u00bbPlayfair Display||||||||\u00bb text_text_color=\u00bb#0d6aa3&#8243; text_font_size=\u00bb34.7px\u00bb text_line_height=\u00bb1em\u00bb hover_enabled=\u00bb0&#8243; global_colors_info=\u00bb{}\u00bb theme_builder_area=\u00bbpost_content\u00bb sticky_enabled=\u00bb0&#8243; content_last_edited=\u00bbon|phone\u00bb text_font_size_last_edited=\u00bbon|phone\u00bb text_font_size_phone=\u00bb19.2px\u00bb custom_margin_last_edited=\u00bbon|phone\u00bb custom_padding_last_edited=\u00bbon|phone\u00bb custom_margin_phone=\u00bb-54px||||false|false\u00bb custom_margin=\u00bb-43px||||false|false\u00bb content_tablet=\u00bb<p>Conferencia de Prensa El Amancay de Oro<\/p>\u00bb content_phone=\u00bb<p>Conferencia de Prensa El Amancay de Oro<\/p>\u00bb text_font_size_tablet=\u00bb34.7px\u00bb custom_margin_tablet=\u00bb-43px||||false|false\u00bb]<p>Conferencia de Prensa El Amancay de Oro<\/p>[\/et_pb_text][et_pb_divider color=\u00bb#E09900&#8243; _builder_version=\u00bb4.21.0&#8243; _module_preset=\u00bbdefault\u00bb width=\u00bb29%\u00bb module_alignment=\u00bbleft\u00bb global_colors_info=\u00bb{}\u00bb theme_builder_area=\u00bbpost_content\u00bb][\/et_pb_divider][et_pb_text _builder_version=\u00bb4.21.0&#8243; _module_preset=\u00bbdefault\u00bb text_font=\u00bbRaleway||||||||\u00bb hover_enabled=\u00bb0&#8243; global_colors_info=\u00bb{}\u00bb theme_builder_area=\u00bbpost_content\u00bb sticky_enabled=\u00bb0&#8243; custom_margin_last_edited=\u00bbon|phone\u00bb custom_padding_last_edited=\u00bbon|phone\u00bb custom_margin_phone=\u00bb-32px||||false|false\u00bb custom_margin=\u00bb-20px||||false|false\u00bb custom_margin_tablet=\u00bb-20px||||false|false\u00bb]<p>La C\u00e1mara de Profesionales de Eventos del Per\u00fa (CAPEV), celebrar\u00e1 la primera edici\u00f3n de la Bienal EL AMANCAY DE ORO, concurso que &#8230;<\/p>[\/et_pb_text][et_pb_text _builder_version=\u00bb4.21.0&#8243; _module_preset=\u00bbdefault\u00bb text_font=\u00bbMontserrat||||||||\u00bb hover_enabled=\u00bb0&#8243; global_colors_info=\u00bb{}\u00bb theme_builder_area=\u00bbpost_content\u00bb sticky_enabled=\u00bb0&#8243;]<p><span style=\"color: #ff9900;\">POR BUR\u00d3 DE PRENSA<\/span><br \/>05 de julio de 2023<\/p>[\/et_pb_text][et_pb_button button_text=\u00bb.\u00bb button_alignment=\u00bbright\u00bb _builder_version=\u00bb4.21.0&#8243; _module_preset=\u00bbdefault\u00bb custom_button=\u00bbon\u00bb button_text_size=\u00bb35px\u00bb button_text_color=\u00bb#E09900&#8243; button_bg_color=\u00bb#E09900&#8243; button_border_width=\u00bb3px\u00bb button_border_color=\u00bb#E09900&#8243; button_border_radius=\u00bb3px\u00bb button_icon=\u00bb&#x24;||divi||400&#8243; button_icon_color=\u00bb#FFFFFF\u00bb button_icon_placement=\u00bbleft\u00bb button_on_hover=\u00bboff\u00bb custom_margin=\u00bb-5px||0px||false|false\u00bb custom_padding=\u00bb0px||0px||false|false\u00bb hover_enabled=\u00bb0&#8243; global_colors_info=\u00bb{}\u00bb theme_builder_area=\u00bbpost_content\u00bb button_url=\u00bb@ET-DC@eyJkeW5hbWljIjp0cnVlLCJjb250ZW50IjoicG9zdF9saW5rX3VybF9wYWdlIiwic2V0dGluZ3MiOnsicG9zdF9pZCI6IjE5OTMifX0=@\u00bb _dynamic_attributes=\u00bbbutton_url\u00bb sticky_enabled=\u00bb0&#8243;][\/et_pb_button][\/et_pb_column][et_pb_column type=\u00bb1_3&#8243; _builder_version=\u00bb4.21.0&#8243; _module_preset=\u00bbdefault\u00bb background_color=\u00bbrgba(249,219,228,0.12)\u00bb custom_padding=\u00bb0px|0px|0px|18px|false|false\u00bb border_color_all=\u00bb#E09900&#8243; global_colors_info=\u00bb{}\u00bb theme_builder_area=\u00bbpost_content\u00bb][\/et_pb_column][\/et_pb_row][\/et_pb_section]\n","protected":false},"excerpt":{"rendered":"<p>LANZAMIENTO\u00a0 \u00a0 \u00a0 \u00a0 \u00a0 \u00a0 \u00a0 \u00a0 \u00a0 \u00a0 \u00a0 &nbsp;Conferencia de Prensa El Amancay de OroLa C\u00e1mara de Profesionales de Eventos del Per\u00fa (CAPEV), celebrar\u00e1 la primera edici\u00f3n de la Bienal EL AMANCAY DE ORO, concurso que &#8230;POR BUR\u00d3 DE PRENSA05 de julio de 2023<\/p>\n","protected":false},"author":1,"featured_media":0,"parent":0,"menu_order":0,"comment_status":"closed","ping_status":"closed","template":"","meta":{"_et_pb_use_builder":"on","_et_pb_old_content":"","_et_gb_content_width":"","footnotes":""},"class_list":["post-15","page","type-page","status-publish","hentry"],"_links":{"self":[{"href":"https:\/\/amancaydeoro.com\/index.php\/wp-json\/wp\/v2\/pages\/15","targetHints":{"allow":["GET"]}}],"collection":[{"href":"https:\/\/amancaydeoro.com\/index.php\/wp-json\/wp\/v2\/pages"}],"about":[{"href":"https:\/\/amancaydeoro.com\/index.php\/wp-json\/wp\/v2\/types\/page"}],"author":[{"embeddable":true,"href":"https:\/\/amancaydeoro.com\/index.php\/wp-json\/wp\/v2\/users\/1"}],"replies":[{"embeddable":true,"href":"https:\/\/amancaydeoro.com\/index.php\/wp-json\/wp\/v2\/comments?post=15"}],"version-history":[{"count":18,"href":"https:\/\/amancaydeoro.com\/index.php\/wp-json\/wp\/v2\/pages\/15\/revisions"}],"predecessor-version":[{"id":3146,"href":"https:\/\/amancaydeoro.com\/index.php\/wp-json\/wp\/v2\/pages\/15\/revisions\/3146"}],"wp:attachment":[{"href":"https:\/\/amancaydeoro.com\/index.php\/wp-json\/wp\/v2\/media?parent=15"}],"curies":[{"name":"wp","href":"https:\/\/api.w.org\/{rel}","templated":true}]}}