{"id":1309,"date":"2023-07-09T07:45:52","date_gmt":"2023-07-09T12:45:52","guid":{"rendered":"https:\/\/amancaydeoro.com\/?page_id=1309"},"modified":"2023-07-09T07:47:48","modified_gmt":"2023-07-09T12:47:48","slug":"terminosycondiciones","status":"publish","type":"page","link":"https:\/\/amancaydeoro.com\/index.php\/terminosycondiciones\/","title":{"rendered":"TERMINOSYCONDICIONES"},"content":{"rendered":"<p>[et_pb_section fb_built=\u00bb1&#8243; theme_builder_area=\u00bbpost_content\u00bb _builder_version=\u00bb4.21.0&#8243; _module_preset=\u00bbdefault\u00bb][et_pb_row _builder_version=\u00bb4.21.0&#8243; _module_preset=\u00bbdefault\u00bb theme_builder_area=\u00bbpost_content\u00bb][et_pb_column _builder_version=\u00bb4.21.0&#8243; _module_preset=\u00bbdefault\u00bb type=\u00bb4_4&#8243; theme_builder_area=\u00bbpost_content\u00bb][et_pb_blurb title=\u00bbT\u00c9RMINOS Y CONDICIONES\u00bb image=\u00bbhttps:\/\/amancaydeoro.com\/wp-content\/uploads\/2023\/06\/Amancay_de_Oro_Website_Home3.png\u00bb _builder_version=\u00bb4.21.0&#8243; _module_preset=\u00bbdefault\u00bb theme_builder_area=\u00bbpost_content\u00bb hover_enabled=\u00bb0&#8243; sticky_enabled=\u00bb0&#8243; title_text=\u00bbAmancay_de_Oro_Website_Home3&#8243;]<\/p>\n<p>T\u00c9RMINOS Y CONDICIONES<br \/>(1) El Amancay de Oro es un concurso que premia el arte, la calidad y la creatividad de los proyectos realizados por los proveedores de la industria de bodas, seg\u00fan las bases que se precisan en esta p\u00e1gina web. El objetivo es promover el emprendimiento formal de la industria de bodas en nuestro pa\u00eds.<br \/>(2) Para que usted pueda participar en el concurso, es necesario que nos brinde su informaci\u00f3n y datos personales, sin estos datos, no podremos contar con su participaci\u00f3n.<br \/>(3) \u201cAl completar el(los) formulario(s) o formato(s) autorizo a CAPEV (El Amancay de Oro\u00ae) a tratar mis datos personales y compartirlos con las marcas de la organizaci\u00f3n y aliados comerciales, para ofrecer, por distintos medios, productos y\/o servicios, publicidad, incluso de terceros, promociones, descuentos, eventos especiales y otros\u201d. Estos datos estar\u00e1n en una base de datos de duraci\u00f3n indefinida tanto de los organizadores como de los aliados comerciales del evento. Ley de Protecci\u00f3n de Datos Personales N\u00b029733.<br \/>(4) La revocaci\u00f3n de la autorizaci\u00f3n o el ejercicio de los otros derechos que la ley otorga, se podr\u00e1n ejercer comunic\u00e1ndose con CAPEV (El Amancay de Oro\u00ae) al 997 542 510, contacto@amancaydeoro.com y\/o a trav\u00e9s de cualquier otro medio que \u00e9ste indique.<\/p>\n<p>[\/et_pb_blurb][et_pb_button _builder_version=\u00bb4.21.0&#8243; _module_preset=\u00bbdefault\u00bb theme_builder_area=\u00bbpost_content\u00bb hover_enabled=\u00bb0&#8243; sticky_enabled=\u00bb0&#8243; button_text=\u00bbDescargar Versi\u00f3n PDF\u00bb button_alignment=\u00bbcenter\u00bb custom_button=\u00bbon\u00bb button_text_color=\u00bb#FFFFFF\u00bb button_bg_color=\u00bb#E09900&#8243; button_bg_enable_color=\u00bbon\u00bb][\/et_pb_button][\/et_pb_column][\/et_pb_row][\/et_pb_section]<\/p>\n","protected":false},"excerpt":{"rendered":"<p>T\u00c9RMINOS Y CONDICIONES(1) El Amancay de Oro es un concurso que premia el arte, la calidad y la creatividad de los proyectos realizados por los proveedores de la industria de bodas, seg\u00fan las bases que se precisan en esta p\u00e1gina web. El objetivo es promover el emprendimiento formal de la industria de bodas en nuestro [&hellip;]<\/p>\n","protected":false},"author":1,"featured_media":0,"parent":0,"menu_order":0,"comment_status":"closed","ping_status":"closed","template":"","meta":{"_et_pb_use_builder":"on","_et_pb_old_content":"","_et_gb_content_width":"","footnotes":""},"class_list":["post-1309","page","type-page","status-publish","hentry"],"_links":{"self":[{"href":"https:\/\/amancaydeoro.com\/index.php\/wp-json\/wp\/v2\/pages\/1309","targetHints":{"allow":["GET"]}}],"collection":[{"href":"https:\/\/amancaydeoro.com\/index.php\/wp-json\/wp\/v2\/pages"}],"about":[{"href":"https:\/\/amancaydeoro.com\/index.php\/wp-json\/wp\/v2\/types\/page"}],"author":[{"embeddable":true,"href":"https:\/\/amancaydeoro.com\/index.php\/wp-json\/wp\/v2\/users\/1"}],"replies":[{"embeddable":true,"href":"https:\/\/amancaydeoro.com\/index.php\/wp-json\/wp\/v2\/comments?post=1309"}],"version-history":[{"count":4,"href":"https:\/\/amancaydeoro.com\/index.php\/wp-json\/wp\/v2\/pages\/1309\/revisions"}],"predecessor-version":[{"id":1314,"href":"https:\/\/amancaydeoro.com\/index.php\/wp-json\/wp\/v2\/pages\/1309\/revisions\/1314"}],"wp:attachment":[{"href":"https:\/\/amancaydeoro.com\/index.php\/wp-json\/wp\/v2\/media?parent=1309"}],"curies":[{"name":"wp","href":"https:\/\/api.w.org\/{rel}","templated":true}]}}