{"id":11,"date":"2023-06-27T17:27:22","date_gmt":"2023-06-27T22:27:22","guid":{"rendered":"https:\/\/amancaydeoro.com\/?page_id=11"},"modified":"2026-03-24T09:09:08","modified_gmt":"2026-03-24T14:09:08","slug":"como-participar","status":"publish","type":"page","link":"https:\/\/amancaydeoro.com\/index.php\/como-participar\/","title":{"rendered":"\u00bfC\u00d3MO PARTICIPAR?"},"content":{"rendered":"<p>[et_pb_section fb_built=\u00bb1&#8243; _builder_version=\u00bb4.21.0&#8243; _module_preset=\u00bbdefault\u00bb background_image=\u00bbhttps:\/\/amancaydeoro.com\/wp-content\/uploads\/2023\/07\/cmoPArtImag.png\u00bb min_height=\u00bb100px\u00bb height=\u00bb770px\u00bb max_height=\u00bb1000px\u00bb background_last_edited=\u00bbon|desktop\u00bb background_image_tablet=\u00bbhttps:\/\/amancaydeoro.com\/wp-content\/uploads\/2023\/07\/Pasos-para-participar-mobile-Banner.png\u00bb background_image_phone=\u00bbhttps:\/\/amancaydeoro.com\/wp-content\/uploads\/2023\/07\/Pasos-para-participar-mobile-Banner.png\u00bb background_enable_image_tablet=\u00bbon\u00bb background_enable_image_phone=\u00bbon\u00bb global_colors_info=\u00bb{}\u00bb][et_pb_row _builder_version=\u00bb4.21.0&#8243; _module_preset=\u00bbdefault\u00bb global_colors_info=\u00bb{}\u00bb][et_pb_column type=\u00bb4_4&#8243; _builder_version=\u00bb4.21.0&#8243; _module_preset=\u00bbdefault\u00bb global_colors_info=\u00bb{}\u00bb][\/et_pb_column][\/et_pb_row][\/et_pb_section][et_pb_section fb_built=\u00bb1&#8243; _builder_version=\u00bb4.21.0&#8243; _module_preset=\u00bbdefault\u00bb global_colors_info=\u00bb{}\u00bb][et_pb_row _builder_version=\u00bb4.21.0&#8243; _module_preset=\u00bbdefault\u00bb global_colors_info=\u00bb{}\u00bb][et_pb_column type=\u00bb4_4&#8243; _builder_version=\u00bb4.21.0&#8243; _module_preset=\u00bbdefault\u00bb global_colors_info=\u00bb{}\u00bb][et_pb_text _builder_version=\u00bb4.27.4&#8243; _module_preset=\u00bbdefault\u00bb global_colors_info=\u00bb{}\u00bb]<\/p>\n<p style=\"text-align: center;\"><strong>PRIMERA FASE: CONCURSO REGIONAL<\/strong><\/p>\n<p>[\/et_pb_text][et_pb_blurb title=\u00bbPASO 1:\u00bb image_icon_background_color=\u00bb#0C71C3&#8243; content_tablet=\u00bb<\/p>\n<p>Lee con atenci\u00f3n las categor\u00edas y las bases en el men\u00fa (tercer apartado del menu, ubicado en la parte superior de la p\u00e1gina)<\/p>\n<p>\u00bb content_phone=\u00bb<\/p>\n<p>Lee con atenci\u00f3n las categor\u00edas y las bases en el men\u00fa (marcado con las tres l\u00edneas en el lado derecho superior de la p\u00e1gina).<\/p>\n<p>\u00bb content_last_edited=\u00bbon|desktop\u00bb _builder_version=\u00bb4.25.1&#8243; _module_preset=\u00bbdefault\u00bb header_text_color=\u00bb#0C71C3&#8243; header_font_size=\u00bb18px\u00bb border_color_all_image=\u00bb#E09900&#8243; global_colors_info=\u00bb{}\u00bb]<\/p>\n<p>Lee con atenci\u00f3n las categor\u00edas y las bases en el men\u00fa (tercer apartado del menu, ubicado en la parte superior de la p\u00e1gina)<\/p>\n<p>[\/et_pb_blurb][\/et_pb_column][\/et_pb_row][et_pb_row _builder_version=\u00bb4.21.0&#8243; _module_preset=\u00bbdefault\u00bb global_colors_info=\u00bb{}\u00bb][et_pb_column type=\u00bb4_4&#8243; _builder_version=\u00bb4.21.0&#8243; _module_preset=\u00bbdefault\u00bb global_colors_info=\u00bb{}\u00bb][et_pb_blurb title=\u00bbPASO 2:\u00bb image_icon_background_color=\u00bb#0C71C3&#8243; _builder_version=\u00bb4.27.4&#8243; _module_preset=\u00bbdefault\u00bb header_text_color=\u00bb#0C71C3&#8243; header_font_size=\u00bb18px\u00bb hover_enabled=\u00bb0&#8243; border_color_all_image=\u00bb#E09900&#8243; global_colors_info=\u00bb{}\u00bb sticky_enabled=\u00bb0&#8243;]<\/p>\n<p>Crea tu seud\u00f3nimo e Inscr\u00edbete a trav\u00e9s de la p\u00e1gina web <strong><a href=\"http:\/\/www.amancaydeoro.com\">www.amancaydeoro.com<\/a>.<\/strong><br \/>La fecha l\u00edmite de inscripci\u00f3n es el 31 deMarzo del 2026.<\/p>\n<p>[\/et_pb_blurb][\/et_pb_column][\/et_pb_row][et_pb_row _builder_version=\u00bb4.21.0&#8243; _module_preset=\u00bbdefault\u00bb global_colors_info=\u00bb{}\u00bb][et_pb_column type=\u00bb4_4&#8243; _builder_version=\u00bb4.21.0&#8243; _module_preset=\u00bbdefault\u00bb global_colors_info=\u00bb{}\u00bb][et_pb_blurb title=\u00bbPASO 3:\u00bb image_icon_background_color=\u00bb#0C71C3&#8243; _builder_version=\u00bb4.21.0&#8243; _module_preset=\u00bbdefault\u00bb header_text_color=\u00bb#0C71C3&#8243; header_font_size=\u00bb18px\u00bb border_color_all_image=\u00bb#E09900&#8243; global_colors_info=\u00bb{}\u00bb]<\/p>\n<p>El Organizador te enviar\u00e1 la din\u00e1mica completa para que puedas finalizar tu inscripci\u00f3n.<\/p>\n<p>[\/et_pb_blurb][\/et_pb_column][\/et_pb_row][et_pb_row _builder_version=\u00bb4.21.0&#8243; _module_preset=\u00bbdefault\u00bb global_colors_info=\u00bb{}\u00bb][et_pb_column type=\u00bb4_4&#8243; _builder_version=\u00bb4.21.0&#8243; _module_preset=\u00bbdefault\u00bb global_colors_info=\u00bb{}\u00bb][et_pb_blurb title=\u00bbPASO 4:\u00bb image_icon_background_color=\u00bb#0C71C3&#8243; _builder_version=\u00bb4.27.4&#8243; _module_preset=\u00bbdefault\u00bb header_text_color=\u00bb#0C71C3&#8243; header_font_size=\u00bb18px\u00bb border_color_all_image=\u00bb#E09900&#8243; global_colors_info=\u00bb{}\u00bb]<\/p>\n<p>Escoge la categor\u00eda y un trabajo con que consideras concursar y que<br \/>encaja en las categor\u00edas publicadas.<br \/>Envia el seud\u00f3nimo que usar\u00e1s y las fotos, video o el audio de acuerdo a la categoria(s) que escogiste, al correo <a href=\"mailto:postulaciones@amancaydeoro.com,\">postulaciones@amancaydeoro.com,<\/a>\u00a0 y en el asunto coloca tu seud\u00f3nimo. En las bases del concurso se indica que tipo de material visual o de audio debes enviar para la categor\u00eda que escogiste. Adem\u00e1s. debes enviar un texto de 40 \u2013 80 palabras que describir\u00e1 tu trabajo.<\/p>\n<p>[\/et_pb_blurb][\/et_pb_column][\/et_pb_row][et_pb_row _builder_version=\u00bb4.21.0&#8243; _module_preset=\u00bbdefault\u00bb global_colors_info=\u00bb{}\u00bb][et_pb_column type=\u00bb4_4&#8243; _builder_version=\u00bb4.21.0&#8243; _module_preset=\u00bbdefault\u00bb global_colors_info=\u00bb{}\u00bb][et_pb_blurb title=\u00bbPASO 5:\u00bb image_icon_background_color=\u00bb#0C71C3&#8243; _builder_version=\u00bb4.25.1&#8243; _module_preset=\u00bbdefault\u00bb header_text_color=\u00bb#0C71C3&#8243; header_font_size=\u00bb18px\u00bb border_color_all_image=\u00bb#E09900&#8243; global_colors_info=\u00bb{}\u00bb]<\/p>\n<p>El Organizador te enviar\u00e1 un correo aceptando u observando tu<br \/>postulaci\u00f3n. Antes de los 10 d\u00edas \u00fatiles te llegar\u00e1 un correo, indicando<br \/>que tu trabajo ha sido aceptado y recibir\u00e1s el t\u00edtulo de Seleccionado .<br \/>En caso de que tu trabajo no cumpla con los requerimientos de la<br \/>inscripci\u00f3n, recibir\u00e1s un correo indicando las razones por las cuales<br \/>no has sido seleccionado. Se te dar\u00e1 la opci\u00f3n de un nuevo env\u00edo.<\/p>\n<p>[\/et_pb_blurb][\/et_pb_column][\/et_pb_row][et_pb_row _builder_version=\u00bb4.21.0&#8243; _module_preset=\u00bbdefault\u00bb global_colors_info=\u00bb{}\u00bb][et_pb_column type=\u00bb4_4&#8243; _builder_version=\u00bb4.21.0&#8243; _module_preset=\u00bbdefault\u00bb global_colors_info=\u00bb{}\u00bb][et_pb_blurb title=\u00bbPASO 6:\u00bb image_icon_background_color=\u00bb#0C71C3&#8243; _builder_version=\u00bb4.25.1&#8243; _module_preset=\u00bbdefault\u00bb header_text_color=\u00bb#0C71C3&#8243; header_font_size=\u00bb18px\u00bb border_color_all_image=\u00bb#E09900&#8243; global_colors_info=\u00bb{}\u00bb]<\/p>\n<p>Puedes participar en tres categor\u00edas o con tres trabajos dentro de la misma categor\u00eda. En el caso que participes con 3 trabajos dentro de la misma categor\u00eda, utilizar\u00e1s el mismo seud\u00f3nimo pero numerados, en el caso de participar en tres categor\u00edas usa en cada categor\u00eda un seud\u00f3nimo distinto.<\/p>\n<p>[\/et_pb_blurb][\/et_pb_column][\/et_pb_row][et_pb_row _builder_version=\u00bb4.21.0&#8243; _module_preset=\u00bbdefault\u00bb global_colors_info=\u00bb{}\u00bb][et_pb_column type=\u00bb4_4&#8243; _builder_version=\u00bb4.21.0&#8243; _module_preset=\u00bbdefault\u00bb global_colors_info=\u00bb{}\u00bb][et_pb_blurb title=\u00bbPASO 7:\u00bb image_icon_background_color=\u00bb#0C71C3&#8243; _builder_version=\u00bb4.25.1&#8243; _module_preset=\u00bbdefault\u00bb header_text_color=\u00bb#0C71C3&#8243; header_font_size=\u00bb18px\u00bb border_color_all_image=\u00bb#E09900&#8243; global_colors_info=\u00bb{}\u00bb]<\/p>\n<p>Los trabajos SELECCIONADOS pasar\u00e1n a evaluaci\u00f3n por parte del jurado de la<br \/>siguiente manera:<\/p>\n<p>Los SELECCIONADOS de cada regi\u00f3n concursar\u00e1n por el t\u00edtulo <strong>\u201cM\u00e9rito Creativo en la Industria de Bodas\u201d<\/strong> en cada rubro, en su regi\u00f3n. Solo un n\u00famero m\u00e1ximo de 3 concursantes obtendr\u00e1n este t\u00edtulo. El concursante con la m\u00e1xima calificaci\u00f3n obtendr\u00e1 el premio <strong>\u201cDistinci\u00f3n a la Creatividad en la Industria de Bodas\u201d<\/strong> en cada rubro, en cada regi\u00f3n.<\/p>\n<p>En la regi\u00f3n Lima, se nombrar\u00e1n un n\u00famero m\u00e1ximo de 5 concursantes al <strong>\u201cM\u00e9rito Creativo en la Industria de Bodas\u201d<\/strong> y los primeros 3, con la m\u00e1xima calificaci\u00f3n, ser\u00e1n nominados a la <strong>\u201cDistinci\u00f3n a la Creatividad en la Industria de Bodas\u201d<\/strong><\/p>\n<p>&nbsp;<\/p>\n<p>[\/et_pb_blurb][\/et_pb_column][\/et_pb_row][et_pb_row _builder_version=\u00bb4.21.0&#8243; _module_preset=\u00bbdefault\u00bb global_colors_info=\u00bb{}\u00bb][et_pb_column type=\u00bb4_4&#8243; _builder_version=\u00bb4.21.0&#8243; _module_preset=\u00bbdefault\u00bb global_colors_info=\u00bb{}\u00bb][et_pb_blurb title=\u00bbPASO 8:\u00bb image_icon_background_color=\u00bb#0C71C3&#8243; _builder_version=\u00bb4.27.4&#8243; _module_preset=\u00bbdefault\u00bb header_text_color=\u00bb#0C71C3&#8243; header_font_size=\u00bb18px\u00bb border_color_all_image=\u00bb#E09900&#8243; global_colors_info=\u00bb{}\u00bb]<\/p>\n<p>De esta manera finaliza el concurso a nivel de regiones y los concursantes premiados en cada regi\u00f3n con la <strong>\u201cDistinci\u00f3n a la Creatividad en la Industria de Bodas\u201d<\/strong> representar\u00e1n a su regi\u00f3n en el concurso <strong>EL AMANCAY DE ORO<\/strong> en la fase nacional. En Lima-Callao se nominar\u00e1n 3 representantes.<\/p>\n<p>[\/et_pb_blurb][\/et_pb_column][\/et_pb_row][et_pb_row _builder_version=\u00bb4.21.0&#8243; _module_preset=\u00bbdefault\u00bb global_colors_info=\u00bb{}\u00bb][et_pb_column type=\u00bb4_4&#8243; _builder_version=\u00bb4.21.0&#8243; _module_preset=\u00bbdefault\u00bb global_colors_info=\u00bb{}\u00bb][et_pb_text _builder_version=\u00bb4.27.4&#8243; _module_preset=\u00bbdefault\u00bb global_colors_info=\u00bb{}\u00bb]<\/p>\n<p style=\"text-align: center;\"><strong>SEGUNDA FASE: CONCURSO NACIONAL<\/strong><\/p>\n<p>[\/et_pb_text][et_pb_blurb title=\u00bbPASO 9:\u00bb image_icon_background_color=\u00bb#0C71C3&#8243; _builder_version=\u00bb4.27.4&#8243; _module_preset=\u00bbdefault\u00bb header_text_color=\u00bb#0C71C3&#8243; header_font_size=\u00bb18px\u00bb border_color_all_image=\u00bb#E09900&#8243; global_colors_info=\u00bb{}\u00bb]<\/p>\n<p>Todos los nominados a la <strong>\u201cDistinci\u00f3n a la Creatividad en la Industria de Bodas\u201d <\/strong>que representan su regi\u00f3n participar\u00e1n en el concurso <strong>EL AMANCAY DE ORO<\/strong> a nivel nacional. Un jurado especial conformado por representantes de PROMPER\u00da y USIL los calificar\u00e1n en la entrevista <strong>\u201cMI REGI\u00d3N\u201d <\/strong>(se evaluar\u00e1n los conocimientos del concursante sobre su regi\u00f3n). Se har\u00e1 un ponderado entre la nota obtenida en la calificaci\u00f3n visual (o de audio en el caso de interpretaciones musicales) y la de la entrevista <strong>\u201cMI REGI\u00d3N\u201d <\/strong>y los primeros 10 ser\u00e1n nominados al t\u00edtulo <strong>\u201cGalard\u00f3n a la Excelencia Creativa en la Industria de Bodas\u201d <\/strong>y ser\u00e1n ellos los finalistas quienes concursar\u00e1n por la estatuilla<strong> EL AMANCAY DE ORO. <\/strong><\/p>\n<p>[\/et_pb_blurb][\/et_pb_column][\/et_pb_row][et_pb_row _builder_version=\u00bb4.21.0&#8243; _module_preset=\u00bbdefault\u00bb global_colors_info=\u00bb{}\u00bb][et_pb_column type=\u00bb4_4&#8243; _builder_version=\u00bb4.21.0&#8243; _module_preset=\u00bbdefault\u00bb global_colors_info=\u00bb{}\u00bb][et_pb_blurb title=\u00bbPASO 10:\u00bb image_icon_background_color=\u00bb#0C71C3&#8243; _builder_version=\u00bb4.25.1&#8243; _module_preset=\u00bbdefault\u00bb header_text_color=\u00bb#0C71C3&#8243; header_font_size=\u00bb18px\u00bb border_color_all_image=\u00bb#E09900&#8243; global_colors_info=\u00bb{}\u00bb]<\/p>\n<p>Los finalistas participar\u00e1n en la entrevista<strong> MI EMPRENDIMIENTO <\/strong>y luego recibir\u00e1n el voto del p\u00fablico. Calculando el nuevo ponderado, se obtendr\u00e1 el ganador absoluto por cada rubro. El jurado se reservar\u00e1 el derecho de designar tambi\u00e9n menciones especiales.<\/p>\n<p>[\/et_pb_blurb][\/et_pb_column][\/et_pb_row][et_pb_row _builder_version=\u00bb4.21.0&#8243; _module_preset=\u00bbdefault\u00bb global_colors_info=\u00bb{}\u00bb][et_pb_column type=\u00bb4_4&#8243; _builder_version=\u00bb4.21.0&#8243; _module_preset=\u00bbdefault\u00bb global_colors_info=\u00bb{}\u00bb][et_pb_blurb title=\u00bbPASO 11:\u00bb image_icon_background_color=\u00bb#0C71C3&#8243; _builder_version=\u00bb4.27.4&#8243; _module_preset=\u00bbdefault\u00bb header_text_color=\u00bb#0C71C3&#8243; header_font_size=\u00bb18px\u00bb border_color_all_image=\u00bb#E09900&#8243; global_colors_info=\u00bb{}\u00bb]<\/p>\n<p>En base a la alianza con el JW MARIOTT Lima Hotel, la ceremonia de premiaci\u00f3n se realizar\u00e1 el 17 de agosto del 2026 en la sala San Mart\u00edn del mencionado hotel. En el mismo piso se armar\u00e1 el Museo Ef\u00edmero del <strong>AMANCAY DE ORO<\/strong>.<\/p>\n<p>[\/et_pb_blurb][\/et_pb_column][\/et_pb_row][\/et_pb_section]<\/p>\n","protected":false},"excerpt":{"rendered":"<p>PRIMERA FASE: CONCURSO REGIONALLee con atenci\u00f3n las categor\u00edas y las bases en el men\u00fa (tercer apartado del menu, ubicado en la parte superior de la p\u00e1gina)Crea tu seud\u00f3nimo e Inscr\u00edbete a trav\u00e9s de la p\u00e1gina web www.amancaydeoro.com.La fecha l\u00edmite de inscripci\u00f3n es el 31 deMarzo del 2026.El Organizador te enviar\u00e1 la din\u00e1mica completa para que [&hellip;]<\/p>\n","protected":false},"author":1,"featured_media":0,"parent":0,"menu_order":0,"comment_status":"closed","ping_status":"closed","template":"","meta":{"_et_pb_use_builder":"on","_et_pb_old_content":"","_et_gb_content_width":"","footnotes":""},"class_list":["post-11","page","type-page","status-publish","hentry"],"_links":{"self":[{"href":"https:\/\/amancaydeoro.com\/index.php\/wp-json\/wp\/v2\/pages\/11","targetHints":{"allow":["GET"]}}],"collection":[{"href":"https:\/\/amancaydeoro.com\/index.php\/wp-json\/wp\/v2\/pages"}],"about":[{"href":"https:\/\/amancaydeoro.com\/index.php\/wp-json\/wp\/v2\/types\/page"}],"author":[{"embeddable":true,"href":"https:\/\/amancaydeoro.com\/index.php\/wp-json\/wp\/v2\/users\/1"}],"replies":[{"embeddable":true,"href":"https:\/\/amancaydeoro.com\/index.php\/wp-json\/wp\/v2\/comments?post=11"}],"version-history":[{"count":64,"href":"https:\/\/amancaydeoro.com\/index.php\/wp-json\/wp\/v2\/pages\/11\/revisions"}],"predecessor-version":[{"id":3289,"href":"https:\/\/amancaydeoro.com\/index.php\/wp-json\/wp\/v2\/pages\/11\/revisions\/3289"}],"wp:attachment":[{"href":"https:\/\/amancaydeoro.com\/index.php\/wp-json\/wp\/v2\/media?parent=11"}],"curies":[{"name":"wp","href":"https:\/\/api.w.org\/{rel}","templated":true}]}}